{"id":11627,"date":"2018-07-02T11:00:14","date_gmt":"2018-07-02T09:00:14","guid":{"rendered":"http:\/\/iva-icra.org\/?page_id=11627"},"modified":"2018-07-18T14:09:21","modified_gmt":"2018-07-18T12:09:21","slug":"editorial-board","status":"publish","type":"page","link":"https:\/\/iva-icra.org\/en\/journal\/editorial-board\/","title":{"rendered":"Editorial Board"},"content":{"rendered":"<h3>Editors-in-chief<\/h3>\n<p><b>Dr. Renate Bornberg<\/b><br \/>\nbuTa, IVA-ICRA<br \/>\nE-mail: <a href=\"mailto:nbornberg@gmail.com\">nbornberg@gmail.com<\/a><\/p>\n<hr \/>\n<p><b>Prof. Dr. Erich Lehner<\/b><br \/>\nInstitut f\u00fcr Architektur- und Kunstgeschichte,<br \/>\nBauforschung und Denkmalpflege;<br \/>\nAu\u00dfereurop\u00e4ische Architektur.<br \/>\nTechnical University of Vienna, Austria<br \/>\nE-mail: <a href=\"mailto:erich.lehner@tuwien.ac.at\">erich.lehner@tuwien.ac.at<\/a><\/p>\n<hr \/>\n<p><b>Prof. Dr. Hermann M\u00fcckler<\/b><br \/>\nFakult\u00e4t f\u00fcr Sozialwissenschaften,<br \/>\nInstitut f\u00fcr Kultur- und Sozialanthropologie<br \/>\nUniversity of Vienna, Austria<br \/>\nE-mail: <a href=\"mailto:hermann.mueckler@univie.ac.at\">hermann.mueckler@univie.ac.at<\/a><\/p>\n<h3>Managing editor<\/h3>\n<p><b>Irene Doubrawa<\/b><br \/>\nInstitut f\u00fcr Architektur- und Kunstgeschichte,<br \/>\nBauforschung und Denkmalpflege;<br \/>\nAu\u00dfereurop\u00e4ische Architektur.<br \/>\nTechnical University of Vienna, Austria<br \/>\nE-mail: <a href=\"mailto:irene.doubrawa@tuwien.ac.at\">irene.doubrawa@tuwien.ac.at<\/a><\/p>\n<h3>Editorial Board<\/h3>\n<p><b>Prof. Dr. Thorsten B\u00fcrklin<\/b><br \/>\nD7_History and theory of architecture<br \/>\nMSA- M\u00fcnster School of Ar chitecture, Germany<br \/>\nE-mail: <a href=\"mailto:th.buerklin@fh-muenster.de \">th.buerklin@fh-muenster.de <\/a><\/p>\n<hr>\n<p><b>Dr. Vittoria Capresi<\/b><br \/>\nTU Berlin<br \/>\nBerlin<br \/>\nE-mail: <a href=\"mailto:vittoria.capresi@guc.edu.eg \">vittoria.capresi@guc.edu.eg <\/a><\/p>\n<hr>\n<p><b>Dr. Gabriella Esposito De Vita<\/b><br \/>\nNational Research Council of Italy (CNR)<br \/>\nInstitute for Service Industry Research (IRAT)<br \/>\nNapoli, Italy<br \/>\nE-mail: <a href=\"mailto:gabespo@unina.it\">gabespo@unina.it<\/a><\/p>\n<hr>\n<p><b>Prof. Dr. Gianluca Frediani<\/b><br \/>\nUniversit\u00e0 degli Studi di Ferrara<br \/>\nE-mail: <a href=\"mailto:frg@unife.it\">frg@unife.it<\/a><\/p>\n<hr>\n<p><b>Dr. Ulrike Herbig<\/b><br \/>\nInstitut f\u00fcr Architektur- und Kunstgeschichte,<br \/>\nBauforschung<br \/>\nAu\u00dfereurop\u00e4ische Architektur.<br \/>\nTechnical University Vienna, Austria<br \/>\nE-mail: <a href=\"mailto:herbig@tuwien.ac.at\">herbig@tuwien.ac.at<\/a><\/p>\n<hr>\n<p><b>Prof. Dr. Ikaputra<\/b><br \/>\nDepartment of Architecture and Planning<br \/>\nFaculty of Engeneering<br \/>\nGadjah Mada University<br \/>\nYogjakarta, Java<br \/>\nE-mail: <a href=\"mailto:ikaputra_2001@yahoo.com\">ikaputra_2001@yahoo.com<\/a><\/p>\n<hr>\n<p><b>Prof. Dr. Caroline J\u00e4ger-Klein<\/b><br \/>\nInstitut f\u00fcr Baugeschichte und bauforschung<br \/>\nE-mail: <a href=\"mailto:jaeger-klein@tuwien.ac.at\">jaeger-klein@tuwien.ac.at<\/a><\/p>\n<hr>\n<p><b>Prof. Dr. Andrea Rieger-Jandl<\/b><br \/>\nInstitut f\u00fcr Architektur- und Kunstgeschichte,<br \/>\nBauforschung und Denkmalpflege;<br \/>\nAu\u00dfereurop\u00e4ische Architektur.<br \/>\nTechnical University of Vienna, Austria<br \/>\nE-mail: <a href=\"mailto:rieger-jandl@tuwien.ac.at\">rieger-jandl@tuwien.ac.at<\/a><\/p>\n<hr>\n<p><b>Prof. Dr. Andreas Voigt<\/b><br \/>\nifoer<br \/>\nTechnical University Vienna, Austria<br \/>\nE-mail: <a href=\"mailto:voigt@ifoer.tuwien.ac.at\">voigt@ifoer.tuwien.ac.at<\/a><\/p>\n<hr>\n<p><b>Prof. Dr. Paul Zalewski<\/b><br \/>\nEuropa-Universit\u00e4t Viadrina<br \/>\nFrankfurt\/Oder, Germany<br \/>\nE-mail: <a href=\"mailto:zalewski@europa-uni.de\">zalewski@europa-uni.de<\/a><\/p>\n<hr>\n<p><b>Dr. Gabriele Weichart<\/b><br \/>\nFakult\u00e4t f\u00fcr Sozialwissenschaften<br \/>\nInstitut f\u00fcr Kultur- und Sozialanthropologie<br \/>\nUniversity of Vienna, Austria<br \/>\nE-mail: <a href=\"mailto:gabriele.weichart@univie.ac.at\">gabriele.weichart@univie.ac.at<\/a><\/p>\n","protected":false},"excerpt":{"rendered":"<p>Editors-in-chief Dr. Renate Bornberg buTa, IVA-ICRA E-mail: nbornberg@gmail.com Prof. Dr. Erich Lehner Institut f\u00fcr Architektur- und Kunstgeschichte, Bauforschung und Denkmalpflege; Au\u00dfereurop\u00e4ische Architektur. Technical University of Vienna, Austria E-mail: erich.lehner@tuwien.ac.at Prof. Dr. Hermann M\u00fcckler Fakult\u00e4t f\u00fcr Sozialwissenschaften, Institut f\u00fcr Kultur- und Sozialanthropologie University of Vienna, Austria E-mail: hermann.mueckler@univie.ac.at Managing editor Irene Doubrawa Institut f\u00fcr Architektur- und <a class=\"more-link\" href=\"https:\/\/iva-icra.org\/en\/journal\/editorial-board\/\">mehr&#8230;<\/a><\/p>\n","protected":false},"author":1,"featured_media":0,"parent":1929,"menu_order":0,"comment_status":"closed","ping_status":"closed","template":"","meta":[],"_links":{"self":[{"href":"https:\/\/iva-icra.org\/en\/wp-json\/wp\/v2\/pages\/11627"}],"collection":[{"href":"https:\/\/iva-icra.org\/en\/wp-json\/wp\/v2\/pages"}],"about":[{"href":"https:\/\/iva-icra.org\/en\/wp-json\/wp\/v2\/types\/page"}],"author":[{"embeddable":true,"href":"https:\/\/iva-icra.org\/en\/wp-json\/wp\/v2\/users\/1"}],"replies":[{"embeddable":true,"href":"https:\/\/iva-icra.org\/en\/wp-json\/wp\/v2\/comments?post=11627"}],"version-history":[{"count":11,"href":"https:\/\/iva-icra.org\/en\/wp-json\/wp\/v2\/pages\/11627\/revisions"}],"predecessor-version":[{"id":11919,"href":"https:\/\/iva-icra.org\/en\/wp-json\/wp\/v2\/pages\/11627\/revisions\/11919"}],"up":[{"embeddable":true,"href":"https:\/\/iva-icra.org\/en\/wp-json\/wp\/v2\/pages\/1929"}],"wp:attachment":[{"href":"https:\/\/iva-icra.org\/en\/wp-json\/wp\/v2\/media?parent=11627"}],"curies":[{"name":"wp","href":"https:\/\/api.w.org\/{rel}","templated":true}]}}