{"id":2742,"date":"2016-11-07T22:38:52","date_gmt":"2016-11-07T20:38:52","guid":{"rendered":"http:\/\/iva-icra.org\/wordpress\/?page_id=2742"},"modified":"2016-11-07T22:40:35","modified_gmt":"2016-11-07T20:40:35","slug":"links","status":"publish","type":"page","link":"https:\/\/iva-icra.org\/en\/links\/","title":{"rendered":"Links"},"content":{"rendered":"<h3>Institute<\/h3>\n<blockquote>\n<p class=\"textmefett\"><strong>Universit\u00e4t Wien<\/strong><\/p>\n<p><a href=\"http:\/\/www.univie.ac.at\/voelkerkunde\/\" target=\"_blank\">Institut f\u00fcr Ethnologie, Kultur- und Sozialanthropologie Universit\u00e4t Wien<\/a><\/p>\n<p class=\"textmefett\"><strong>TU Wien<\/strong><\/p>\n<p>E251\/1 &#8211;\u00a0<a href=\"http:\/\/www.baukunst.tuwien.ac.at\/site\/index.php\" target=\"_blank\">Institut f\u00fcr Architekturgeschichte und Bauforschung\u00a0<\/a><br \/>\nE270 &#8211;\u00a0<a href=\"http:\/\/www.hb2.tuwien.ac.at\/\" target=\"_blank\">Institut f\u00fcr Hochbau f\u00fcr Architekten und Entwerfen\u00a0<\/a><br \/>\nE272 &#8211;\u00a0<a href=\"http:\/\/www.iemar.tuwien.ac.at\/\" target=\"_blank\">Institut f\u00fcr EDV-gest\u00fctzte Methoden in Architektur und Raumplanung<\/a><\/p><\/blockquote>\n<h3>Mitglieder<\/h3>\n<blockquote><p>Erich LEHNER &#8211;\u00a0<a href=\"http:\/\/www.baukunst.tuwien.ac.at\/abk\/welcome.html\" target=\"_blank\">Aussereurop\u00e4ische Baukunst<\/a><br \/>\nG\u00fcnter Z\u00d6HRER &#8211;\u00a0<a href=\"http:\/\/www.zoehrermedia.com\/\" target=\"_blank\">www.zoehrermedia.com<\/a><br \/>\nFerenc ZAMOLY &#8211;\u00a0<a href=\"http:\/\/www.archimania-vision.at\/\" target=\"_blank\">www.archimania-vision.at<\/a><br \/>\nKristina AMBROSCH &#8211;\u00a0<a href=\"http:\/\/www.kristina.at\/\" target=\"_blank\">www.kristina.at<\/a><\/p><\/blockquote>\n<h3>Diverses<\/h3>\n<blockquote><p><a href=\"http:\/\/www.jccs-a.org\/\" target=\"_blank\">Journal of Comparative Cultural Studies in Architecture<\/a><br \/>\n<a href=\"http:\/\/www.ethno-museum.ac.at\/\" target=\"_blank\">V\u00f6lkerkundemuseum Wien<\/a><br \/>\n<a href=\"http:\/\/www.univie.ac.at\/ospg\/\" target=\"_blank\">\u00d6sterreichische S\u00fcdpazifikgesellschaft<\/a><br \/>\n<a href=\"http:\/\/www.orient-gesellschaft.at\/\" target=\"_blank\">\u00d6sterreichische Orient-Gesellschaft Hammer-Purgstall<\/a><br \/>\n<a href=\"http:\/\/www.kbriwina.at\/\" target=\"_blank\">Indonesische Botschaft in Wien<\/a><br \/>\n<a href=\"http:\/\/www.muenster.de\/stadt\/26302.html\" target=\"_blank\">Pater Johannes H\u00e4mmerle auf Nias<\/a><br \/>\n<a href=\"http:\/\/www.baukunst.tuwien.ac.at\/ladakh\" target=\"_blank\">Solar Town Ladakh<\/a><br \/>\n<a href=\"http:\/\/www.weat.at\/\" target=\"_blank\">WEAT<\/a><br \/>\n<a href=\"http:\/\/www.br-online.de\/alpha\" target=\"_blank\">Bayern Alpha &#8211; Der Bildungskanal<\/a><br \/>\n<a href=\"http:\/\/www.1at.at\/cgi-bin\/de\/search.pl?action=click&#038;url=http:\/\/www.fgn.at&#038;cat=Sport%25pip%25Vereine\" target=\"_blank\">Faschingsgilde Neunkirchen<\/a><\/p><\/blockquote>\n","protected":false},"excerpt":{"rendered":"<p>Institute Universit\u00e4t Wien Institut f\u00fcr Ethnologie, Kultur- und Sozialanthropologie Universit\u00e4t Wien TU Wien E251\/1 &#8211;\u00a0Institut f\u00fcr Architekturgeschichte und Bauforschung\u00a0 E270 &#8211;\u00a0Institut f\u00fcr Hochbau f\u00fcr Architekten und Entwerfen\u00a0 E272 &#8211;\u00a0Institut f\u00fcr EDV-gest\u00fctzte Methoden in Architektur und Raumplanung Mitglieder Erich LEHNER &#8211;\u00a0Aussereurop\u00e4ische Baukunst G\u00fcnter Z\u00d6HRER &#8211;\u00a0www.zoehrermedia.com Ferenc ZAMOLY &#8211;\u00a0www.archimania-vision.at Kristina AMBROSCH &#8211;\u00a0www.kristina.at Diverses Journal of Comparative Cultural <a class=\"more-link\" href=\"https:\/\/iva-icra.org\/en\/links\/\">mehr&#8230;<\/a><\/p>\n","protected":false},"author":1,"featured_media":0,"parent":0,"menu_order":0,"comment_status":"closed","ping_status":"closed","template":"","meta":[],"_links":{"self":[{"href":"https:\/\/iva-icra.org\/en\/wp-json\/wp\/v2\/pages\/2742"}],"collection":[{"href":"https:\/\/iva-icra.org\/en\/wp-json\/wp\/v2\/pages"}],"about":[{"href":"https:\/\/iva-icra.org\/en\/wp-json\/wp\/v2\/types\/page"}],"author":[{"embeddable":true,"href":"https:\/\/iva-icra.org\/en\/wp-json\/wp\/v2\/users\/1"}],"replies":[{"embeddable":true,"href":"https:\/\/iva-icra.org\/en\/wp-json\/wp\/v2\/comments?post=2742"}],"version-history":[{"count":4,"href":"https:\/\/iva-icra.org\/en\/wp-json\/wp\/v2\/pages\/2742\/revisions"}],"predecessor-version":[{"id":2744,"href":"https:\/\/iva-icra.org\/en\/wp-json\/wp\/v2\/pages\/2742\/revisions\/2744"}],"wp:attachment":[{"href":"https:\/\/iva-icra.org\/en\/wp-json\/wp\/v2\/media?parent=2742"}],"curies":[{"name":"wp","href":"https:\/\/api.w.org\/{rel}","templated":true}]}}