{"id":12029,"date":"2009-07-01T10:00:01","date_gmt":"2009-07-01T08:00:01","guid":{"rendered":"http:\/\/iva-icra.org\/?post_type=product&#038;p=12029"},"modified":"2018-09-19T17:05:38","modified_gmt":"2018-09-19T15:05:38","slug":"ephemeral-structures-vs-current-preservation-practice","status":"publish","type":"product","link":"https:\/\/iva-icra.org\/en\/produkt\/ephemeral-structures-vs-current-preservation-practice\/","title":{"rendered":"Ephemeral Structures vs. Current Preservation Practice"},"content":{"rendered":"<p><a href=\"http:\/\/www.jccs-a.at\/old_issues\/2009_issue_files\/Inhalt_Editorial_fertig.pdf\" target=\"_blank\" rel=\"noopener\">Editorial<\/a><br \/>\nRenate Bornberg<\/p>\n<p><strong class=\"fett\">On finitness and unfinitness in building traditions<\/strong><br \/>\n<strong class=\"fettschr\u00e4g\">\u00dcber das Unverg\u00e4ngliche und das Verg\u00e4ngliche in Traditionen des Bauens<\/strong><br \/>\nErich Lehner<br \/>\n<a href=\"http:\/\/www.jccs-a.at\/old_issues\/2009_issue_files\/jccs_lehner.pdf\" target=\"_blank\" rel=\"noopener\">Full paper [5,2 MB]<\/a><\/p>\n<p><strong class=\"fett\">On transcience and ephemera in building traditions.<\/strong>\u00a0Three examples of cermonial huts, plazas and object in New Guinea<br \/>\n<strong class=\"fettschr\u00e4g\">Selbstgew\u00e4hlte Verg\u00e4nglichkeit:<\/strong>\u00a0<em class=\"schr\u00e4g\">Drei Beispiele f\u00fcr anla\u00dforientiert errichtete H\u00fctten, Festpl\u00e4tze und Kultgegenst\u00e4nde in Neuguinea<\/em><br \/>\nHermann M\u00fcckler<br \/>\n<a href=\"http:\/\/www.jccs-a.at\/old_issues\/2009_issue_files\/jccs_mueckler.pdf\" target=\"_blank\" rel=\"noopener\">Full paper [913 KB]<\/a><\/p>\n<p><strong class=\"fett\">From track survey to cultural comparisation.<\/strong>\u00a0On interdisciplinary research illustrated on the architecture of Palau.<br \/>\n<strong class=\"fettschr\u00e4g\">Von der Vermessung zum Kulturvergleich.<\/strong>\u00a0Illustration interdisziplin\u00e4rer Forschung an der Architektur von Palau.<br \/>\nG\u00fcnter Z\u00f6hrer<br \/>\n<a href=\"http:\/\/www.jccs-a.at\/old_issues\/2009_issue_files\/jccs_zoehrer.pdf\" target=\"_blank\" rel=\"noopener\">Full paper [4,6 MB]<\/a><\/p>\n<p><strong class=\"fett\">Tendencies of transience in the traditional architecture of Insular South-East Asia<\/strong>\u00a0\u2013 Sketching theories and possibilities of research in house development<br \/>\n<strong class=\"fettschr\u00e4g\">Tendenzen der Verg\u00e4nglichkeit in der traditionellen Architektur in Insel S\u00fcd-Ost Asien<\/strong><br \/>\nZ\u00e1molyi Ferenc<br \/>\n<a href=\"http:\/\/www.jccs-a.at\/old_issues\/2009_issue_files\/jccs_zamoly.pdf\" target=\"_blank\" rel=\"noopener\">Full paper [4,7 MB]<\/a><\/p>\n<p><strong class=\"fett\">Ephemera in Europe?<\/strong>\u00a0The Lower Saxon Hall House<br \/>\n<strong class=\"fettschr\u00e4g\">Verg\u00e4nglichkeit in Europa?<\/strong>\u00a0<em class=\"schr\u00e4g\">\u00a0Das niederdeutsche Hallenhaus\u00a0<\/em><br \/>\nRenate Bornberg<br \/>\n<a href=\"http:\/\/www.jccs-a.at\/old_issues\/2009_issue_files\/jccs_bornberg.pdf\" target=\"_blank\" rel=\"noopener\">Full paper [13,3 MB]\u00a0<\/a><\/p>\n","protected":false},"excerpt":{"rendered":"<p>Heft: 02 &#038; 03<\/p>\n<p>November 2009 <a class=\"more-link\" href=\"https:\/\/iva-icra.org\/en\/produkt\/ephemeral-structures-vs-current-preservation-practice\/\">mehr&#8230;<\/a><\/p>\n","protected":false},"featured_media":0,"comment_status":"closed","ping_status":"closed","template":"","meta":[],"_links":{"self":[{"href":"https:\/\/iva-icra.org\/en\/wp-json\/wp\/v2\/product\/12029"}],"collection":[{"href":"https:\/\/iva-icra.org\/en\/wp-json\/wp\/v2\/product"}],"about":[{"href":"https:\/\/iva-icra.org\/en\/wp-json\/wp\/v2\/types\/product"}],"replies":[{"embeddable":true,"href":"https:\/\/iva-icra.org\/en\/wp-json\/wp\/v2\/comments?post=12029"}],"wp:attachment":[{"href":"https:\/\/iva-icra.org\/en\/wp-json\/wp\/v2\/media?parent=12029"}],"curies":[{"name":"wp","href":"https:\/\/api.w.org\/{rel}","templated":true}]}}