{"id":12031,"date":"2010-07-01T10:00:02","date_gmt":"2010-07-01T08:00:02","guid":{"rendered":"http:\/\/iva-icra.org\/?post_type=product&#038;p=12031"},"modified":"2018-09-19T17:02:32","modified_gmt":"2018-09-19T15:02:32","slug":"transitions-of-the-vernacular","status":"publish","type":"product","link":"https:\/\/iva-icra.org\/en\/produkt\/transitions-of-the-vernacular\/","title":{"rendered":"Transitions of the vernacular"},"content":{"rendered":"<p><a href=\"http:\/\/www.jccs-a.at\/old_issues\/2010_issue_files\/Editorial.pdf\" target=\"_blank\" rel=\"noopener\">Editorial<\/a><br \/>\nRenate Bornberg<\/p>\n<p><strong class=\"fett\">Traditional residential housing in Western Syria 04<\/strong><br \/>\n-Typological and constructive differenciation of stone houses in the W\u0101d\u012b An-Nad\u0101ra region in comparison to building methods in Southern Syria Hauran<br \/>\n<strong class=\"fettschr\u00e4g\">Traditionelle Wohnbauten in Westsyrien<\/strong><br \/>\n-Typologische und konstruktive Unterscheidung der Steinh\u00e4user im W\u0101d\u012b An-Nad\u0101ra und Vergleich mit Bauweisen im Hauran<br \/>\nJuliane J\u00e4ger<br \/>\n<a href=\"http:\/\/www.jccs-a.at\/old_issues\/2010_issue_files\/Jaeger\/jccs_Jaeger_Abstract.pdf\" target=\"_blank\" rel=\"noopener\">Abstract<\/a><br \/>\n<a href=\"http:\/\/www.jccs-a.at\/old_issues\/2010_issue_files\/Jaeger\/jccs_Jaeger.pdf\" target=\"_blank\" rel=\"noopener\">Full paper[9,8 MB]<\/a><\/p>\n<p><strong class=\"fett\">Move Furniture around?<\/strong><br \/>\n&#8211; Structurally-indicated potential for transformation of residential buildings (in the work of Nicolaas Habraken)<br \/>\n<strong class=\"fettschr\u00e4g\">Move Furniture around?<\/strong><br \/>\n&#8211; Strukturinduzierte Wandlungspotentiale von Wohnbauten (bei Nicolaas Habraken)<br \/>\nSascha Roesler<br \/>\n<a href=\"http:\/\/www.jccs-a.at\/old_issues\/2010_issue_files\/Roesler\/jccs_Roesler_Abstract.pdf\" target=\"_blank\" rel=\"noopener\">Abstract<\/a><br \/>\n<a href=\"http:\/\/www.jccs-a.at\/old_issues\/2010_issue_files\/Roesler\/jccs_Roesler.pdf\" target=\"_blank\" rel=\"noopener\">Full paper[5,6 MB]<\/a><\/p>\n<p><strong class=\"fett\">Simple = natural > sustainable<\/strong><br \/>\nNo Global Communication means no School for Tuareg-Kids<br \/>\n<strong class=\"fettschr\u00e4g\">Einfach macht nat\u00fcrlich > macht nachhaltig<\/strong><br \/>\nOhne globale Kommunikation keine Schule f\u00fcr Tuaregkinder<br \/>\nJula-Kim Sieber<br \/>\n<a href=\"http:\/\/www.jccs-a.at\/old_issues\/2010_issue_files\/Sieber\/jccs_Sieber%20Abstract.pdf\" target=\"_blank\" rel=\"noopener\">Abstract<\/a><br \/>\n<a href=\"http:\/\/www.jccs-a.at\/old_issues\/2010_issue_files\/Sieber\/jccs_Sieber.pdf\" target=\"_blank\" rel=\"noopener\">Full paper[3,3 MB]<\/a><\/p>\n<p><strong class=\"fett\">Identity and the Urban Fabric<\/strong><br \/>\n<strong class=\"fettschr\u00e4g\">Identit\u00e4t und gebauter Raum<\/strong><br \/>\nRenate Bornberg<br \/>\n<a href=\"http:\/\/www.jccs-a.at\/old_issues\/2010_issue_files\/Bornberg\/jccs_Bornberg_Abstract.pdf\" target=\"_blank\" rel=\"noopener\">Abstract<\/a><br \/>\n<a href=\"http:\/\/www.jccs-a.at\/old_issues\/2010_issue_files\/Bornberg\/jccs_Bornberg.pdf\" target=\"_blank\" rel=\"noopener\">Full paper[2,2 MB]<\/a><\/p>\n<p><strong class=\"fett\">How did the artists of the Cook\u2019s expeditions represent the \u201cother\u201d architecture?<\/strong><br \/>\n<strong class=\"fettschr\u00e4g\">Wie haben die K\u00fcnstler der Cook Expeditionen die \u201eandere\u201c Architektur dargestellt?<\/strong><br \/>\nMil\u00e8ne Cresenz Rossi<br \/>\n<a href=\"http:\/\/www.jccs-a.at\/old_issues\/2010_issue_files\/Rossi\/jccs_Rossi_Abstract.pdf\" target=\"_blank\" rel=\"noopener\">Abstract<\/a><br \/>\n<a href=\"http:\/\/www.jccs-a.at\/old_issues\/2010_issue_files\/Rossi\/jccs_Rossi.pdf\" target=\"_blank\" rel=\"noopener\">Full paper[3,5 MB]<\/a><\/p>\n<p><strong class=\"fett\">Letter to the Editor<\/strong><br \/>\n<strong class=\"fettschr\u00e4g\">Brief an die Editoren<\/strong><br \/>\nProf. Dr.-Ing. Zuhair Jabbour<br \/>\n<a href=\"http:\/\/www.jccs-a.at\/old_issues\/2010_issue_files\/Letter\/jccs_letter.pdf\" target=\"_blank\" rel=\"noopener\">Letter [10,5 MB]<\/a><\/p>\n","protected":false},"excerpt":{"rendered":"<p>Heft: 04<\/p>\n<p>August 2010 <a class=\"more-link\" href=\"https:\/\/iva-icra.org\/en\/produkt\/transitions-of-the-vernacular\/\">mehr&#8230;<\/a><\/p>\n","protected":false},"featured_media":0,"comment_status":"closed","ping_status":"closed","template":"","meta":[],"_links":{"self":[{"href":"https:\/\/iva-icra.org\/en\/wp-json\/wp\/v2\/product\/12031"}],"collection":[{"href":"https:\/\/iva-icra.org\/en\/wp-json\/wp\/v2\/product"}],"about":[{"href":"https:\/\/iva-icra.org\/en\/wp-json\/wp\/v2\/types\/product"}],"replies":[{"embeddable":true,"href":"https:\/\/iva-icra.org\/en\/wp-json\/wp\/v2\/comments?post=12031"}],"wp:attachment":[{"href":"https:\/\/iva-icra.org\/en\/wp-json\/wp\/v2\/media?parent=12031"}],"curies":[{"name":"wp","href":"https:\/\/api.w.org\/{rel}","templated":true}]}}