{"id":12035,"date":"2015-11-01T10:00:12","date_gmt":"2015-11-01T08:00:12","guid":{"rendered":"http:\/\/iva-icra.org\/?post_type=product&#038;p=12035"},"modified":"2018-09-19T16:49:53","modified_gmt":"2018-09-19T14:49:53","slug":"architecture-and-conservation-tibet","status":"publish","type":"product","link":"https:\/\/iva-icra.org\/en\/produkt\/architecture-and-conservation-tibet\/","title":{"rendered":"Architecture and Conservation: TIBET"},"content":{"rendered":"<p><strong><span class=\"font-size-small\"><a title=\"01 Editorial\" href=\"http:\/\/www.jccs-a.at\/system\/resources\/W1siZiIsIjIwMTUvMTEvMjUvMTRfMzRfNDZfMTU0XzAxX0VkaXRvcmlhbC5wZGYiXV0\/01_Editorial.pdf\">Editorial\u00a0<\/a><\/span><\/strong><br \/>\n<span class=\"font-size-small\">Hubert Feiglstorfer<\/span><\/p>\n<p><strong><span class=\"font-size-small\"><br \/>\nThe ancient corbelled buildings of Upper Tibet.\u00a0<\/span><\/strong><br \/>\n<span class=\"font-size-small\">Architectural attributes, environmental factors and religious meaning in a unique type of archaeological monument.<br \/>\n<strong>Die fr\u00fchen Kragsteingeb\u00e4ude des Oberen Tibet.<\/strong><br \/>\nArchitektonische Merkmale, Umgebungseinfl\u00fcsse und religi\u00f6se Bedeutung eines einzigartigen arch\u00e4oligischen Geb\u00e4udetypus.<br \/>\n<\/span><span class=\"font-size-small\">John Vincent Bellezza<\/span><br \/>\n<span class=\"font-size-small\"><a title=\"02 Bellezza Abstract\" href=\"http:\/\/www.jccs-a.at\/system\/resources\/W1siZiIsIjIwMTUvMTEvMjUvMTRfMzVfMTBfNDI3XzAyX0JlbGxlenphX0Fic3RyYWN0LnBkZiJdXQ\/02_Bellezza_Abstract.pdf\"><strong>Abstract<\/strong>\u00a0<\/a><\/span><br \/>\n<span class=\"font-size-small\"><a title=\"02 Bellezza\" href=\"http:\/\/www.jccs-a.at\/system\/resources\/W1siZiIsIjIwMTUvMTEvMjUvMTRfMzRfMzBfNDAwXzAyX0JlbGxlenphLnBkZiJdXQ\/02_Bellezza.pdf\"><strong>Full paper<\/strong><\/a><\/span><\/p>\n<p><span class=\"font-size-small\"><strong>Remarks on selected bridges of Thagtong Gyalpo<br \/>\nAnmerkungen zu ausgew\u00e4hlten Br\u00fccken von Thagtong Gyalpo<\/strong><br \/>\nMarek Kalmus\u00a0<\/span><br \/>\n<span class=\"font-size-small\"><a title=\"03 Kalmus Abstract\" href=\"http:\/\/www.jccs-a.at\/system\/resources\/W1siZiIsIjIwMTUvMTEvMjUvMTRfMzZfMzNfOTIwXzAzX0thbG11c19BYnN0cmFjdC5wZGYiXV0\/03_Kalmus_Abstract.pdf\"><strong>Abstract<\/strong>\u00a0<\/a><\/span><br \/>\n<strong><span class=\"font-size-small\"><a title=\"03 Kalmus\" href=\"http:\/\/www.jccs-a.at\/system\/resources\/W1siZiIsIjIwMTUvMTEvMjUvMTRfMzZfMjJfNTlfMDNfS2FsbXVzLnBkZiJdXQ\/03_Kalmus.pdf\">Full paper<\/a><\/span><\/strong><\/p>\n<p><span class=\"font-size-small\"><br \/>\n<strong>On the ancient cross-shaped towers of Nyangpo and Kongpo in eastern Central Tibet<br \/>\nDie fr\u00fchen kreuzf\u00f6rmigen T\u00fcrme von Nyangpo und Kongpo im \u00f6stlichen Zentraltibet<\/strong><br \/>\nFrederique Darragon<\/span><br \/>\n<strong><span class=\"font-size-small\"><a title=\"04 Darragon Abstract\" href=\"http:\/\/www.jccs-a.at\/system\/resources\/W1siZiIsIjIwMTUvMTEvMjUvMTRfMzhfMTFfMjc2XzA0X0RhcnJhZ29uX0Fic3RyYWN0LnBkZiJdXQ\/04_Darragon_Abstract.pdf\">Abstract<\/a>\u00a0<\/span><\/strong><br \/>\n<strong><span class=\"font-size-small\"><a title=\"04 Darragon\" href=\"http:\/\/www.jccs-a.at\/system\/resources\/W1siZiIsIjIwMTUvMTEvMjUvMTRfMzhfMDBfMjBfMDRfRGFycmFnb24ucGRmIl1d\/04_Darragon.pdf\">Full paper<\/a><\/span><\/strong><\/p>\n<p class=\"font-size-small\"><strong>Two stupas of Princess Wencheng:<\/strong>\u00a0a comparative study on two ancient terrace stupas in eastern Tibet<br \/>\n<strong>Zwei Stupas der Prinzessin Wencheng:<\/strong>\u00a0eine vergleichende Studie zweier antiker Terrassen-Stupas in Osttibet<br \/>\nEva Seegers<br \/>\n<strong><a title=\"05 Seegers Abstract\" href=\"http:\/\/www.jccs-a.at\/system\/resources\/W1siZiIsIjIwMTUvMTEvMjUvMTRfMzlfMjZfMzI3XzA1X1NlZWdlcnNfQWJzdHJhY3QucGRmIl1d\/05_Seegers_Abstract.pdf\">Abstract<\/a><br \/>\n<a title=\"05 Seegers\" href=\"http:\/\/www.jccs-a.at\/system\/resources\/W1siZiIsIjIwMTUvMTEvMjUvMTRfMzlfMTNfODE5XzA1X1NlZWdlcnMucGRmIl1d\/05_Seegers.pdf\">Full paper<\/a><\/strong><\/p>\n","protected":false},"excerpt":{"rendered":"<p>Heft: 08<\/p>\n<p>November 2015 <a class=\"more-link\" href=\"https:\/\/iva-icra.org\/en\/produkt\/architecture-and-conservation-tibet\/\">mehr&#8230;<\/a><\/p>\n","protected":false},"featured_media":0,"comment_status":"closed","ping_status":"closed","template":"","meta":[],"_links":{"self":[{"href":"https:\/\/iva-icra.org\/en\/wp-json\/wp\/v2\/product\/12035"}],"collection":[{"href":"https:\/\/iva-icra.org\/en\/wp-json\/wp\/v2\/product"}],"about":[{"href":"https:\/\/iva-icra.org\/en\/wp-json\/wp\/v2\/types\/product"}],"replies":[{"embeddable":true,"href":"https:\/\/iva-icra.org\/en\/wp-json\/wp\/v2\/comments?post=12035"}],"wp:attachment":[{"href":"https:\/\/iva-icra.org\/en\/wp-json\/wp\/v2\/media?parent=12035"}],"curies":[{"name":"wp","href":"https:\/\/api.w.org\/{rel}","templated":true}]}}