{"id":12037,"date":"2018-09-01T10:00:48","date_gmt":"2018-09-01T08:00:48","guid":{"rendered":"http:\/\/iva-icra.org\/?post_type=product&#038;p=12037"},"modified":"2018-09-19T17:06:29","modified_gmt":"2018-09-19T15:06:29","slug":"the-mediterranean","status":"publish","type":"product","link":"https:\/\/iva-icra.org\/en\/produkt\/the-mediterranean\/","title":{"rendered":"The Mediterranean"},"content":{"rendered":"<p><a title=\"Jcc Sa 11 2018 Editorial\" href=\"http:\/\/www.jccs-a.at\/system\/resources\/W1siZiIsIjIwMTgvMDgvMjMvMTFfNTdfMDBfMjA4X0pDQ1NhXzExXzIwMThfZWRpdG9yaWFsLnBkZiJdXQ\/JCCSa_11_2018_editorial.pdf\"><strong>Editorial<\/strong>\u00a0<\/a><br \/>\nRenate Bornberg<\/p>\n<p><strong>Space and Collectivity in the Mediterranean Culture<\/strong><br \/>\nRaum und Kollektivit\u00e4t im mediterranen Raum<br \/>\nJacopo Gresleri<br \/>\n<strong><span class=\"font-size-small\"><a title=\"Jcc Sa 11 2018 01 Gresleri Abstract\" href=\"http:\/\/www.jccs-a.at\/system\/resources\/W1siZiIsIjIwMTgvMDkvMTEvMTFfMjRfMDhfNzc1X0pDQ1NhXzExXzIwMThfMDFfR3Jlc2xlcmlfYWJzdHJhY3QucGRmIl1d\/JCCSa_11_2018_01_Gresleri_abstract.pdf\">Abstract<\/a>\u00a0<\/span><\/strong><br \/>\n<strong><span class=\"font-size-small\"><a title=\"Jcc Sa 11 2018 01 Gresleri\" href=\"http:\/\/www.jccs-a.at\/system\/resources\/W1siZiIsIjIwMTgvMDkvMTEvMTFfMjNfNThfNDE2X0pDQ1NhXzExXzIwMThfMDFfR3Jlc2xlcmkucGRmIl1d\/JCCSa_11_2018_01_Gresleri.pdf\">Full paper<\/a><\/span><\/strong><\/p>\n<p><strong>Fossil Beirut. A Case of Vernacular Modern Architecture (1943\u20131975)<\/strong><br \/>\nDas fossile Beirut. Eine Fallstudie von indigener, moderner<br \/>\nArchitektur (1943\u20131975)<br \/>\nCharbel Maskineh &#038; Riccardo Pedrazzoli<br \/>\n<strong><span class=\"font-size-small\"><a title=\"Jcc Sa 11 2018 02 Pedrazzoli Abstract\" href=\"http:\/\/www.jccs-a.at\/system\/resources\/W1siZiIsIjIwMTgvMDkvMTEvMTFfMjVfMzFfOTI5X0pDQ1NhXzExXzIwMThfMDJfUGVkcmF6em9saV9hYnN0cmFjdC5wZGYiXV0\/JCCSa_11_2018_02_Pedrazzoli_abstract.pdf\">Abstract<\/a>\u00a0<\/span><\/strong><br \/>\n<strong><span class=\"font-size-small\"><a title=\"Jcc Sa 11 2018 02 Pedrazzoli\" href=\"http:\/\/www.jccs-a.at\/system\/resources\/W1siZiIsIjIwMTgvMDkvMTEvMTFfMjVfMDJfMTg1X0pDQ1NhXzExXzIwMThfMDJfUGVkcmF6em9saS5wZGYiXV0\/JCCSa_11_2018_02_Pedrazzoli.pdf\">Full paper<\/a><\/span><\/strong><\/p>\n<p><strong>Citizen participation in developing public squares in Algiers, a possible alternative to dealing with the economic crisis.<\/strong><br \/>\nB\u00fcrgerbeteiligung in einem zu entwickelnden \u00f6ffentlichen Raum in Algier, eine m\u00f6gliche Alternative um mit einer \u00f6konomischen Krise<br \/>\numzugehen.<br \/>\nDounia Cherfaoui &#038; Nadia Djelal<br \/>\n<strong><span class=\"font-size-small\"><a title=\"Jcc Sa 11 2018 C Dherfaoui Abstract\" href=\"http:\/\/www.jccs-a.at\/system\/resources\/W1siZiIsIjIwMTgvMDgvMjMvMTFfNTlfMjBfOTkzX0pDQ1NhXzExXzIwMThfY19kaGVyZmFvdWlfYWJzdHJhY3QucGRmIl1d\/JCCSa_11_2018_c_dherfaoui_abstract.pdf\">Abstract<\/a>\u00a0<\/span><\/strong><br \/>\n<strong><span class=\"font-size-small\"><a title=\"Jcc Sa 11 2018 C Dherfaoui Full\" href=\"http:\/\/www.jccs-a.at\/system\/resources\/W1siZiIsIjIwMTgvMDgvMjMvMTFfNTlfNDBfNzM3X0pDQ1NhXzExXzIwMThfY19kaGVyZmFvdWlfZnVsbC5wZGYiXV0\/JCCSa_11_2018_c_dherfaoui_full.pdf\">Full paper<\/a><\/span><\/strong><\/p>\n<p><strong>Local Identity and Urban Image Construction. The Case Study of Ulcinj.<\/strong><br \/>\nLokale Identit\u00e4t und die Konstruktion eines urbanen Bildes.<br \/>\nDie Fallstudie Ulcin<br \/>\nIva Shokoska and Marija Nakeva<br \/>\n<strong><span class=\"font-size-small\"><a title=\"Jcc Sa 11 2018 D Nakeva Abstract\" href=\"http:\/\/www.jccs-a.at\/system\/resources\/W1siZiIsIjIwMTgvMDgvMjMvMTFfNTlfNTFfNjUwX0pDQ1NhXzExXzIwMThfZF9uYWtldmFfYWJzdHJhY3QucGRmIl1d\/JCCSa_11_2018_d_nakeva_abstract.pdf\">Abstract<\/a>\u00a0<\/span><\/strong><br \/>\n<strong><span class=\"font-size-small\"><a title=\"Jcc Sa 11 2018 D Nakeva Full\" href=\"http:\/\/www.jccs-a.at\/system\/resources\/W1siZiIsIjIwMTgvMDgvMjMvMTJfMDBfMDNfMTM3X0pDQ1NhXzExXzIwMThfZF9uYWtldmFfZnVsbC5wZGYiXV0\/JCCSa_11_2018_d_nakeva_full.pdf\">Full paper<\/a><\/span><\/strong><\/p>\n<p><strong>Bernard Rudofsky: From Images to Architecture<\/strong><br \/>\nBernhard Rudofsky: Vom Bild zur Architektur<br \/>\nAlessandra Como<br \/>\n<a title=\"Jcc Sa 11 2018 E Como Abstract\" href=\"http:\/\/www.jccs-a.at\/system\/resources\/W1siZiIsIjIwMTgvMDgvMjMvMTJfMDBfMTRfNDAzX0pDQ1NhXzExXzIwMThfZV9jb21vX2Fic3RyYWN0LnBkZiJdXQ\/JCCSa_11_2018_e_como_abstract.pdf\"><strong><span class=\"font-size-small\">Abstract<\/span>\u00a0<\/strong><\/a><br \/>\n<strong><span class=\"font-size-small\"><a title=\"Jcc Sa 11 2018 E Como Full\" href=\"http:\/\/www.jccs-a.at\/system\/resources\/W1siZiIsIjIwMTgvMDgvMjMvMTJfMDBfMzRfOTI2X0pDQ1NhXzExXzIwMThfZV9jb21vX2Z1bGwucGRmIl1d\/JCCSa_11_2018_e_como_full.pdf\">Full paper<\/a><\/span><\/strong><\/p>\n","protected":false},"excerpt":{"rendered":"<p>Heft: 11<\/p>\n<p>August 2018 <a class=\"more-link\" href=\"https:\/\/iva-icra.org\/en\/produkt\/the-mediterranean\/\">mehr&#8230;<\/a><\/p>\n","protected":false},"featured_media":0,"comment_status":"closed","ping_status":"closed","template":"","meta":[],"_links":{"self":[{"href":"https:\/\/iva-icra.org\/en\/wp-json\/wp\/v2\/product\/12037"}],"collection":[{"href":"https:\/\/iva-icra.org\/en\/wp-json\/wp\/v2\/product"}],"about":[{"href":"https:\/\/iva-icra.org\/en\/wp-json\/wp\/v2\/types\/product"}],"replies":[{"embeddable":true,"href":"https:\/\/iva-icra.org\/en\/wp-json\/wp\/v2\/comments?post=12037"}],"wp:attachment":[{"href":"https:\/\/iva-icra.org\/en\/wp-json\/wp\/v2\/media?parent=12037"}],"curies":[{"name":"wp","href":"https:\/\/api.w.org\/{rel}","templated":true}]}}